{"id":26,"date":"2024-04-04T12:04:41","date_gmt":"2024-04-04T12:04:41","guid":{"rendered":"https:\/\/www.gutes-restaurant.at\/Tschugguel\/?page_id=26"},"modified":"2024-04-04T12:24:58","modified_gmt":"2024-04-04T12:24:58","slug":"ueber-mich","status":"publish","type":"page","link":"https:\/\/www.waltertschugguel.at\/","title":{"rendered":"\u00dcber mich"},"content":{"rendered":"\t\t<div data-elementor-type=\"wp-page\" data-elementor-id=\"26\" class=\"elementor elementor-26\">\n\t\t\t\t<div class=\"elementor-element elementor-element-3100b28 e-grid e-con-full e-con e-parent\" data-id=\"3100b28\" data-element_type=\"container\">\n\t\t\t\t<div class=\"elementor-element elementor-element-3875a37 elementor-widget elementor-widget-image\" data-id=\"3875a37\" data-element_type=\"widget\" data-widget_type=\"image.default\">\n\t\t\t\t<div class=\"elementor-widget-container\">\n\t\t\t<style>\/*! elementor - v3.21.0 - 15-04-2024 *\/\n.elementor-widget-image{text-align:center}.elementor-widget-image a{display:inline-block}.elementor-widget-image a img[src$=\".svg\"]{width:48px}.elementor-widget-image img{vertical-align:middle;display:inline-block}<\/style>\t\t\t\t\t\t\t\t\t\t<img fetchpriority=\"high\" decoding=\"async\" width=\"300\" height=\"412\" src=\"https:\/\/www.waltertschugguel.at\/wp-content\/uploads\/2024\/04\/portrait_300.jpg\" class=\"attachment-large size-large wp-image-29\" alt=\"\" srcset=\"https:\/\/www.waltertschugguel.at\/wp-content\/uploads\/2024\/04\/portrait_300.jpg 300w, https:\/\/www.waltertschugguel.at\/wp-content\/uploads\/2024\/04\/portrait_300-218x300.jpg 218w\" sizes=\"(max-width: 300px) 100vw, 300px\" \/>\t\t\t\t\t\t\t\t\t\t\t\t\t<\/div>\n\t\t\t\t<\/div>\n\t\t\t\t<div class=\"elementor-element elementor-element-fb3cdd1 elementor-widget elementor-widget-text-editor\" data-id=\"fb3cdd1\" data-element_type=\"widget\" data-widget_type=\"text-editor.default\">\n\t\t\t\t<div class=\"elementor-widget-container\">\n\t\t\t<style>\/*! elementor - v3.21.0 - 15-04-2024 *\/\n.elementor-widget-text-editor.elementor-drop-cap-view-stacked .elementor-drop-cap{background-color:#69727d;color:#fff}.elementor-widget-text-editor.elementor-drop-cap-view-framed .elementor-drop-cap{color:#69727d;border:3px solid;background-color:transparent}.elementor-widget-text-editor:not(.elementor-drop-cap-view-default) .elementor-drop-cap{margin-top:8px}.elementor-widget-text-editor:not(.elementor-drop-cap-view-default) .elementor-drop-cap-letter{width:1em;height:1em}.elementor-widget-text-editor .elementor-drop-cap{float:left;text-align:center;line-height:1;font-size:50px}.elementor-widget-text-editor .elementor-drop-cap-letter{display:inline-block}<\/style>\t\t\t\t<h2>Pers\u00f6nliches<\/h2><p>geboren 1966,<\/p><p>verheiratet,<\/p><p>Vater von drei Kindern<\/p><h2>Ausbildungen, akademische T\u00e4tigkeiten, Mitgliedschaften<\/h2><p>Studium der Humanmedizin Universit\u00e4t Wien<br \/>Arzt f\u00fcr Allgemeinmedizin<br \/>Facharzt f\u00fcr Gyn\u00e4kologie und Geburtshilfe<br \/>Venia Docendi f\u00fcr das Fach Gyn\u00e4kologie und Geburtshilfe, Amtstitel &#8222;Au\u00dferordentlicher Universit\u00e4tsprofessor&#8220;an der Medizinischen Fakult\u00e4t der Universit\u00e4t Wien verliehen durch Frau Bundesministerin Gehrer, Berufstitel &#8222;Universit\u00e4tsprofessor&#8220; verliehen durch Herrn Bundespr\u00e4sident Alexander van der Bellen<br \/>Medizinische Hypnose und Kommunikation<br \/>NLP-Master (DVNLP)<br \/>Gr\u00fcnder und Mitbegr\u00fcnder der Universit\u00e4tslehrg\u00e4nge \u201eZahnmedizinische Hypnose\u201c und \u201eMedizinische Hypnose\u201c an der Medizinischen Universit\u00e4t Wien<br \/>Seminar- Vortrags- und Vorlesungst\u00e4tigkeit zum Thema \u201eHypnose im Medizinkontext\u201c an der Medizinischen Universit\u00e4t Wien, Universit\u00e4t T\u00fcbingen (M.E.G. Regionalstelle), Deutsche Gesellschaft f\u00fcr Zahnmedizinische Hypnose (DGZH), Deutsche Gesellschaft f\u00fcr Hypnose und Hypnotherapie (DGH) e.V., Hypno-Synstitut Wien.<br \/>Mitglied der \u00d6sterreichischen Gesellschaft f\u00fcr Gyn\u00e4kologie und Geburtshilfe (\u00d6GGG)<br \/>Full Member Society for Gynecologic Investigation (SGI)<br \/>Member International Society of Hypnosis (ISH)<\/p><p>\u00a0<\/p>\t\t\t\t\t\t<\/div>\n\t\t\t\t<\/div>\n\t\t\t\t<\/div>\n\t\t\t\t<\/div>\n\t\t","protected":false},"excerpt":{"rendered":"<p>Pers\u00f6nliches geboren 1966, verheiratet, Vater von drei Kindern Ausbildungen, akademische T\u00e4tigkeiten, Mitgliedschaften Studium der Humanmedizin Universit\u00e4t WienArzt f\u00fcr AllgemeinmedizinFacharzt f\u00fcr Gyn\u00e4kologie und GeburtshilfeVenia Docendi f\u00fcr das Fach Gyn\u00e4kologie und Geburtshilfe, Amtstitel &#8222;Au\u00dferordentlicher Universit\u00e4tsprofessor&#8220;an der Medizinischen Fakult\u00e4t der Universit\u00e4t Wien verliehen durch Frau Bundesministerin Gehrer, Berufstitel &#8222;Universit\u00e4tsprofessor&#8220; verliehen durch Herrn Bundespr\u00e4sident Alexander van der BellenMedizinische Hypnose und KommunikationNLP-Master (DVNLP)Gr\u00fcnder und Mitbegr\u00fcnder der Universit\u00e4tslehrg\u00e4nge \u201eZahnmedizinische Hypnose\u201c und \u201eMedizinische Hypnose\u201c an der Medizinischen Universit\u00e4t WienSeminar- Vortrags- und Vorlesungst\u00e4tigkeit zum Thema \u201eHypnose im Medizinkontext\u201c an der Medizinischen Universit\u00e4t Wien, Universit\u00e4t T\u00fcbingen (M.E.G. Regionalstelle), Deutsche Gesellschaft f\u00fcr Zahnmedizinische Hypnose (DGZH), Deutsche Gesellschaft f\u00fcr Hypnose und Hypnotherapie (DGH) e.V., Hypno-Synstitut Wien.Mitglied der \u00d6sterreichischen Gesellschaft f\u00fcr Gyn\u00e4kologie und Geburtshilfe (\u00d6GGG)Full Member Society for Gynecologic Investigation (SGI)Member International Society of Hypnosis (ISH) \u00a0<\/p>\n","protected":false},"author":1,"featured_media":0,"parent":0,"menu_order":0,"comment_status":"closed","ping_status":"closed","template":"","meta":{"footnotes":""},"_links":{"self":[{"href":"https:\/\/www.waltertschugguel.at\/index.php\/wp-json\/wp\/v2\/pages\/26"}],"collection":[{"href":"https:\/\/www.waltertschugguel.at\/index.php\/wp-json\/wp\/v2\/pages"}],"about":[{"href":"https:\/\/www.waltertschugguel.at\/index.php\/wp-json\/wp\/v2\/types\/page"}],"author":[{"embeddable":true,"href":"https:\/\/www.waltertschugguel.at\/index.php\/wp-json\/wp\/v2\/users\/1"}],"replies":[{"embeddable":true,"href":"https:\/\/www.waltertschugguel.at\/index.php\/wp-json\/wp\/v2\/comments?post=26"}],"version-history":[{"count":4,"href":"https:\/\/www.waltertschugguel.at\/index.php\/wp-json\/wp\/v2\/pages\/26\/revisions"}],"predecessor-version":[{"id":35,"href":"https:\/\/www.waltertschugguel.at\/index.php\/wp-json\/wp\/v2\/pages\/26\/revisions\/35"}],"wp:attachment":[{"href":"https:\/\/www.waltertschugguel.at\/index.php\/wp-json\/wp\/v2\/media?parent=26"}],"curies":[{"name":"wp","href":"https:\/\/api.w.org\/{rel}","templated":true}]}}