{"id":75,"date":"2024-04-04T15:29:19","date_gmt":"2024-04-04T15:29:19","guid":{"rendered":"https:\/\/www.gutes-restaurant.at\/Tschugguel\/?page_id=75"},"modified":"2024-04-04T15:30:23","modified_gmt":"2024-04-04T15:30:23","slug":"rahmenbedingungen","status":"publish","type":"page","link":"https:\/\/www.waltertschugguel.at\/index.php\/rahmenbedingungen\/","title":{"rendered":"Rahmenbedingungen"},"content":{"rendered":"\t\t<div data-elementor-type=\"wp-page\" data-elementor-id=\"75\" class=\"elementor elementor-75\">\n\t\t\t\t<div class=\"elementor-element elementor-element-dd07df6 e-flex e-con-boxed e-con e-parent\" data-id=\"dd07df6\" data-element_type=\"container\">\n\t\t\t\t\t<div class=\"e-con-inner\">\n\t\t\t\t<div class=\"elementor-element elementor-element-bb1da95 elementor-widget elementor-widget-text-editor\" data-id=\"bb1da95\" data-element_type=\"widget\" data-widget_type=\"text-editor.default\">\n\t\t\t\t<div class=\"elementor-widget-container\">\n\t\t\t<style>\/*! elementor - v3.21.0 - 15-04-2024 *\/\n.elementor-widget-text-editor.elementor-drop-cap-view-stacked .elementor-drop-cap{background-color:#69727d;color:#fff}.elementor-widget-text-editor.elementor-drop-cap-view-framed .elementor-drop-cap{color:#69727d;border:3px solid;background-color:transparent}.elementor-widget-text-editor:not(.elementor-drop-cap-view-default) .elementor-drop-cap{margin-top:8px}.elementor-widget-text-editor:not(.elementor-drop-cap-view-default) .elementor-drop-cap-letter{width:1em;height:1em}.elementor-widget-text-editor .elementor-drop-cap{float:left;text-align:center;line-height:1;font-size:50px}.elementor-widget-text-editor .elementor-drop-cap-letter{display:inline-block}<\/style>\t\t\t\t<p>Ausgangsbasis<br \/>Eine Ordination dauert beim Erstgespr\u00e4ch ca. 105 Minuten, und richtet sich nach pers\u00f6nlichem Bedarf und Notwendigkeit. Mein Hauptaugenmerk liegt im ausf\u00fchrlichen und genauen Gespr\u00e4ch mit meinen Patienten. Daher ist mir besonders wichtig, ausreichend Zeit zu nehmen.<\/p><p>Die Anwendung medizinischer Hypnose beruht auf selbstst\u00e4ndiger und freiwilliger Mitarbeit der Patientinnen und Patienten. \u00c4rzte unterliegen der gesetzlichen Schweigepflicht.<\/p><p>Wie lange dauert eine Therapie mittels medizinischer Hypnose?<br \/>Die Dauer der Therapie variiert dem Anliegen der Patienten entsprechend und kann somit unterschiedliche Zeit beanspruchen. Meiner Erfahrung nach ist es sinnvoll, einmal monatlich eine Sitzung abzuhalten. Eine Hypnoseeinheit dauert 55 Minuten, wobei 50 Minuten reine Zeit f\u00fcr Gespr\u00e4ch und Hypnose und 5 Minuten f\u00fcr Terminvereinbarungen und Allf\u00e4lliges bereitstehen.<\/p>\t\t\t\t\t\t<\/div>\n\t\t\t\t<\/div>\n\t\t\t\t\t<\/div>\n\t\t\t\t<\/div>\n\t\t\t\t<\/div>\n\t\t","protected":false},"excerpt":{"rendered":"<p>AusgangsbasisEine Ordination dauert beim Erstgespr\u00e4ch ca. 105 Minuten, und richtet sich nach pers\u00f6nlichem Bedarf und Notwendigkeit. Mein Hauptaugenmerk liegt im ausf\u00fchrlichen und genauen Gespr\u00e4ch mit meinen Patienten. Daher ist mir besonders wichtig, ausreichend Zeit zu nehmen. Die Anwendung medizinischer Hypnose beruht auf selbstst\u00e4ndiger und freiwilliger Mitarbeit der Patientinnen und Patienten. \u00c4rzte unterliegen der gesetzlichen Schweigepflicht. Wie lange dauert eine Therapie mittels medizinischer Hypnose?Die Dauer der Therapie variiert dem Anliegen der Patienten entsprechend und kann somit unterschiedliche Zeit beanspruchen. Meiner Erfahrung nach ist es sinnvoll, einmal monatlich eine Sitzung abzuhalten. Eine Hypnoseeinheit dauert 55 Minuten, wobei 50 Minuten reine Zeit f\u00fcr Gespr\u00e4ch und Hypnose und 5 Minuten f\u00fcr Terminvereinbarungen und Allf\u00e4lliges bereitstehen.<\/p>\n","protected":false},"author":1,"featured_media":0,"parent":0,"menu_order":0,"comment_status":"closed","ping_status":"closed","template":"","meta":{"footnotes":""},"_links":{"self":[{"href":"https:\/\/www.waltertschugguel.at\/index.php\/wp-json\/wp\/v2\/pages\/75"}],"collection":[{"href":"https:\/\/www.waltertschugguel.at\/index.php\/wp-json\/wp\/v2\/pages"}],"about":[{"href":"https:\/\/www.waltertschugguel.at\/index.php\/wp-json\/wp\/v2\/types\/page"}],"author":[{"embeddable":true,"href":"https:\/\/www.waltertschugguel.at\/index.php\/wp-json\/wp\/v2\/users\/1"}],"replies":[{"embeddable":true,"href":"https:\/\/www.waltertschugguel.at\/index.php\/wp-json\/wp\/v2\/comments?post=75"}],"version-history":[{"count":4,"href":"https:\/\/www.waltertschugguel.at\/index.php\/wp-json\/wp\/v2\/pages\/75\/revisions"}],"predecessor-version":[{"id":79,"href":"https:\/\/www.waltertschugguel.at\/index.php\/wp-json\/wp\/v2\/pages\/75\/revisions\/79"}],"wp:attachment":[{"href":"https:\/\/www.waltertschugguel.at\/index.php\/wp-json\/wp\/v2\/media?parent=75"}],"curies":[{"name":"wp","href":"https:\/\/api.w.org\/{rel}","templated":true}]}}